{"id":16796,"date":"2023-11-23T17:06:57","date_gmt":"2023-11-23T16:06:57","guid":{"rendered":"https:\/\/laverteshop.fr\/?post_type=product&#038;p=16796"},"modified":"2025-09-09T14:04:28","modified_gmt":"2025-09-09T12:04:28","slug":"hash-marokkanisch-t-p","status":"publish","type":"product","link":"https:\/\/laverteshop.fr\/de\/product\/hash-marokkanisch-t-p\/","title":{"rendered":"Marokkanisches Hasch CBD +"},"content":{"rendered":"<p><span style=\"font-size: 14.4px;\">Marokkanisches CBD+ Hasch ist unser neuester Zugang zu unserem Katalog an CBD+ Harzen. Es ist ein dunkelbraunes Hasch und hat einen sehr deutlichen, erdigen und pfeffrigen Geruch.<\/span><\/p>\n<p>Ce Hash Marocain CBD +\u00a0 produit un effet plut\u00f4t fort et imm\u00e9diat, il est donc conseill\u00e9 de l&rsquo;utiliser en fin de journ\u00e9e, ou en soir\u00e9e. Clairement un hash qui plaira a tous nos clients qui recherchent une r\u00e9sine forte et avec du go\u00fbt.<\/p>\n<p>Unsere Produkte sind mit dem Schweizer CBD-Qualit\u00e4tssiegel zertifiziert. Am wichtigsten ist uns, dass wir Ihnen Bl\u00fcten und Harze von ausgezeichnetem Wert zu erschwinglichen und akzeptablen Preisen und unter Einhaltung der vom EuGH zugelassenen Werte (&lt;0,3% THC) liefern k\u00f6nnen.<\/p>\n<p>Was k\u00f6nnen Sie mit diesen Produkten machen? Entspannende Tees, um Ihren Schlaf zu verbessern, Potpourris, um Ihr Zuhause mit einem nat\u00fcrlichen Geruch zu durchtr\u00e4nken, oder Sie k\u00f6nnen sie in Ihrem Essen verwenden, wenn Sie m\u00f6chten (Salate, So\u00dfen, Dressings).<\/p>\n<p><strong>WICHTIGER HINWEIS :<\/strong> Nos r\u00e9sines et hash sont pr\u00e9par\u00e9s dans des laboratoires certifi\u00e9s, avec des proc\u00e9d\u00e9s et techniques qui appartiennent seulement aux producteurs avec qui nous travaillons. La texture et l&rsquo;odeur des produits peuvent donc changer d&rsquo;une r\u00e9colte \u00e0 une autre, d\u00e9pendant aussi de la fleur utilis\u00e9e. Si vous avez un probl\u00e8me avec un produit, contactez nous \u00e0 <a href=\"mailto:contact@laverteshop.fr\">contact@laverteshop.fr<\/a> und wir werden eine L\u00f6sung zu Ihrer Zufriedenheit finden. Vielen Dank f\u00fcr Ihr Verst\u00e4ndnis.<\/p>\n<p>Wir empfehlen Ihnen, die Meinung Ihres Arztes einzuholen, der Ihnen die beste Verwendung f\u00fcr Ihr CBD empfehlen kann.<\/p>","protected":false},"excerpt":{"rendered":"<p><span style=\"font-size: 14.4px;\">Marokkanisches Hash CBD+ ist ein wundersch\u00f6nes, eher weiches Hasch, nicht zu klebrig und sehr leicht zu konsumieren. Beim Verbrennen ist ein Geruch feststellbar, der an das Hasch aus deiner Jugend erinnert.<\/span><\/p>\n<p>Sch\u00f6ne pfeffrige Aromen, die bei seinem Verzehr deutlich pr\u00e4sent sind.<\/p>\n<p>Un effet fort et imm\u00e9diat, donc un hash qui plaira a tous nos clients qui recherchent une r\u00e9sine avec de l&rsquo;effet.<\/p>\n<ul>\n<li>Kultur: Indoor<\/li>\n<li>Herkunft der Blumen: Schweiz, BIO-Anbau<\/li>\n<li>Effekte: stark<\/li>\n<\/ul>\n<table style=\"border-collapse: collapse; width: 192px; height: 205px;\" border=\"1\">\n<tbody>\n<tr>\n<td style=\"width: 50%; text-align: center;\"><strong>THC<\/strong><\/td>\n<td style=\"width: 50%; text-align: center;\"><strong>0.25 %<\/strong><\/td>\n<\/tr>\n<tr>\n<td style=\"width: 50%; text-align: center;\"><strong>CBD+<\/strong><\/td>\n<td style=\"width: 50%; text-align: center;\"><strong>\u00a020 %<\/strong><\/td>\n<\/tr>\n<tr>\n<td style=\"width: 50%; text-align: center;\"><b>CBN- CBG<\/b><\/td>\n<td style=\"width: 50%; text-align: center;\"><strong>10 %<\/strong><\/td>\n<\/tr>\n<tr>\n<td style=\"width: 50%; text-align: center;\"><b>Kultur<\/b><\/td>\n<td style=\"width: 50%; text-align: center;\"><strong>Indoor<\/strong><\/td>\n<\/tr>\n<\/tbody>\n<\/table>\n<p>&nbsp;<\/p>","protected":false},"featured_media":18828,"comment_status":"open","ping_status":"closed","template":"","meta":{"inline_featured_image":false},"product_brand":[75],"product_cat":[304,59],"product_tag":[244,230],"class_list":{"0":"post-16796","1":"product","2":"type-product","3":"status-publish","4":"has-post-thumbnail","6":"product_brand-la-verte","7":"product_cat-produits-puissants","8":"product_cat-pollens","9":"product_tag-hash","10":"product_tag-resines","12":"first","13":"outofstock","14":"taxable","15":"shipping-taxable","16":"purchasable","17":"product-type-variable"},"jetpack_sharing_enabled":true,"_links":{"self":[{"href":"https:\/\/laverteshop.fr\/de\/wp-json\/wp\/v2\/product\/16796","targetHints":{"allow":["GET"]}}],"collection":[{"href":"https:\/\/laverteshop.fr\/de\/wp-json\/wp\/v2\/product"}],"about":[{"href":"https:\/\/laverteshop.fr\/de\/wp-json\/wp\/v2\/types\/product"}],"replies":[{"embeddable":true,"href":"https:\/\/laverteshop.fr\/de\/wp-json\/wp\/v2\/comments?post=16796"}],"wp:featuredmedia":[{"embeddable":true,"href":"https:\/\/laverteshop.fr\/de\/wp-json\/wp\/v2\/media\/18828"}],"wp:attachment":[{"href":"https:\/\/laverteshop.fr\/de\/wp-json\/wp\/v2\/media?parent=16796"}],"wp:term":[{"taxonomy":"product_brand","embeddable":true,"href":"https:\/\/laverteshop.fr\/de\/wp-json\/wp\/v2\/product_brand?post=16796"},{"taxonomy":"product_cat","embeddable":true,"href":"https:\/\/laverteshop.fr\/de\/wp-json\/wp\/v2\/product_cat?post=16796"},{"taxonomy":"product_tag","embeddable":true,"href":"https:\/\/laverteshop.fr\/de\/wp-json\/wp\/v2\/product_tag?post=16796"}],"curies":[{"name":"wp","href":"https:\/\/api.w.org\/{rel}","templated":true}]}}