{"id":16605,"date":"2023-10-26T16:12:47","date_gmt":"2023-10-26T14:12:47","guid":{"rendered":"https:\/\/laverteshop.fr\/?post_type=product&#038;p=16605"},"modified":"2025-07-15T16:02:35","modified_gmt":"2025-07-15T14:02:35","slug":"blueberry-muffin-indoor","status":"publish","type":"product","link":"https:\/\/laverteshop.fr\/de\/product\/blueberry-muffin-indoor\/","title":{"rendered":"Blueberry Muffin Indoor"},"content":{"rendered":"<p>La fleur de CBD Blueberry Muffin Indoor provient d&rsquo;une culture en int\u00e9rieur, ce qui assure une qualit\u00e9 parfaite de fleur, car elles sont trait\u00e9es aux conditions parfaites de luminosit\u00e9, temp\u00e9rature et humidit\u00e9. Cette vari\u00e9t\u00e9 est \u00e9labor\u00e9e par des producteurs passionn\u00e9s et investis, pour assurer la plus haute qualit\u00e9 possible.<\/p>\n<p>Cette Blueberry Muffin Indoor est une fleur d&rsquo;un vert plut\u00f4t clair, et elle se pr\u00e9sente sous forme de buds de gros calibre, compactes, avec de jolis pistils. Une odeur florale se d\u00e9gage lors de l&rsquo;ouverture du sachet, et lors de sa combustion, elle se rapproche des fleurs indoor d&rsquo;antan, puissante et tr\u00e8s gustative.<\/p>\n<p>Dieser Blueberry Muffin wird also alle unsere Liebhaber von sch\u00f6nen, qualitativ hochwertigen und kr\u00e4ftigen Blumen begeistern<\/p>\n<p>Am wichtigsten ist uns, dass wir Ihnen Blumen und Harze von ausgezeichnetem Wert zu erschwinglichen und akzeptablen Preisen und unter Einhaltung der vom EuGH zugelassenen Werte (&lt;0,3% THC) liefern k\u00f6nnen.<\/p>\n<p>Was k\u00f6nnen Sie mit diesen Produkten machen? Entspannende Tees, um Ihren Schlaf zu verbessern, Potpourris, um Ihr Zuhause mit einem nat\u00fcrlichen Geruch zu durchtr\u00e4nken, oder Sie k\u00f6nnen sie in Ihrem Essen verwenden, wenn Sie m\u00f6chten (Salate, So\u00dfen, Dressings).<\/p>\n<p>Wir empfehlen Ihnen, die Meinung Ihres Arztes einzuholen, der Ihnen die beste Verwendung f\u00fcr Ihr CBD empfehlen kann.<\/p>\n<p>&nbsp;<\/p>\n<p>&nbsp;<\/p>\n<p>&nbsp;<\/p>\n<h6><\/h6>","protected":false},"excerpt":{"rendered":"<p>La fleur de CBD Blueberry Muffin Indoor provient d&rsquo;une culture en int\u00e9rieur, et est \u00e9labor\u00e9e par des producteurs passionn\u00e9s et investis, pour assurer la plus haute qualit\u00e9 possible.<\/p>\n<p>Wundersch\u00f6ne, gro\u00dfkalibrige Bl\u00fcten, sehr kompakt und eine helle Farbe, die mit Pollen und Trichomen gef\u00fcllt ist. Ein kr\u00e4ftiger, blumiger Duft. Blueberry Muffin indoor hat alles, was Sie brauchen, wenn Sie kr\u00e4ftige und qualitativ hochwertige Blumen m\u00f6gen.<\/p>\n<ul>\n<li>Herkunft: Schweiz<\/li>\n<li>Sorte: Blueberry<\/li>\n<\/ul>\n<table style=\"border-collapse: collapse; width: 192px; height: 205px;\" border=\"1\">\n<tbody>\n<tr>\n<td style=\"width: 50%; text-align: center;\"><strong>THC<\/strong><\/td>\n<td style=\"width: 50%; text-align: center;\"><strong>0.29 %<\/strong><\/td>\n<\/tr>\n<tr>\n<td style=\"width: 50%; text-align: center;\"><strong>CBD<\/strong><\/td>\n<td style=\"width: 50%; text-align: center;\"><strong>17-19 %<\/strong><\/td>\n<\/tr>\n<tr>\n<td style=\"width: 50%; text-align: center;\"><strong>CBG<\/strong><\/td>\n<td style=\"width: 50%; text-align: center;\"><strong>n.n<\/strong><\/td>\n<\/tr>\n<tr>\n<td style=\"width: 50%; text-align: center;\"><b>Kultur<\/b><\/td>\n<td style=\"width: 50%; text-align: center;\"><strong>Indoor<\/strong><\/td>\n<\/tr>\n<\/tbody>\n<\/table>","protected":false},"featured_media":16610,"comment_status":"open","ping_status":"closed","template":"","meta":{"inline_featured_image":false},"product_brand":[75],"product_cat":[58,253],"product_tag":[220,76],"class_list":{"0":"post-16605","1":"product","2":"type-product","3":"status-publish","4":"has-post-thumbnail","6":"product_brand-la-verte","7":"product_cat-fleurs","8":"product_cat-indoor","9":"product_tag-fleurs-cbd","10":"product_tag-indoor","12":"first","13":"instock","14":"taxable","15":"shipping-taxable","16":"purchasable","17":"product-type-variable"},"jetpack_sharing_enabled":true,"_links":{"self":[{"href":"https:\/\/laverteshop.fr\/de\/wp-json\/wp\/v2\/product\/16605","targetHints":{"allow":["GET"]}}],"collection":[{"href":"https:\/\/laverteshop.fr\/de\/wp-json\/wp\/v2\/product"}],"about":[{"href":"https:\/\/laverteshop.fr\/de\/wp-json\/wp\/v2\/types\/product"}],"replies":[{"embeddable":true,"href":"https:\/\/laverteshop.fr\/de\/wp-json\/wp\/v2\/comments?post=16605"}],"wp:featuredmedia":[{"embeddable":true,"href":"https:\/\/laverteshop.fr\/de\/wp-json\/wp\/v2\/media\/16610"}],"wp:attachment":[{"href":"https:\/\/laverteshop.fr\/de\/wp-json\/wp\/v2\/media?parent=16605"}],"wp:term":[{"taxonomy":"product_brand","embeddable":true,"href":"https:\/\/laverteshop.fr\/de\/wp-json\/wp\/v2\/product_brand?post=16605"},{"taxonomy":"product_cat","embeddable":true,"href":"https:\/\/laverteshop.fr\/de\/wp-json\/wp\/v2\/product_cat?post=16605"},{"taxonomy":"product_tag","embeddable":true,"href":"https:\/\/laverteshop.fr\/de\/wp-json\/wp\/v2\/product_tag?post=16605"}],"curies":[{"name":"wp","href":"https:\/\/api.w.org\/{rel}","templated":true}]}}