{"id":16300,"date":"2023-09-07T09:15:58","date_gmt":"2023-09-07T07:15:58","guid":{"rendered":"https:\/\/laverteshop.fr\/?post_type=product&#038;p=16300"},"modified":"2026-04-14T18:07:52","modified_gmt":"2026-04-14T16:07:52","slug":"blueberry-indoor-mini-buds","status":"publish","type":"product","link":"https:\/\/laverteshop.fr\/de\/product\/blueberry-indoor-mini-buds\/","title":{"rendered":"Blueberry Indoor Mini Buds"},"content":{"rendered":"<p>La fleur de CBD Blueberry Indoor mini buds provient d&rsquo;une culture en int\u00e9rieur, ce qui assure une qualit\u00e9 parfaite de fleur, car elles sont trait\u00e9es aux conditions parfaites de luminosit\u00e9, temp\u00e9rature et humidit\u00e9. Cette vari\u00e9t\u00e9 est \u00e9labor\u00e9e par des producteurs passionn\u00e9s et investis, pour assurer la plus haute qualit\u00e9 possible.<\/p>\n<p>Cette Blueberry Indoor mini buds est une fleur verte plut\u00f4t fonc\u00e9e, pr\u00e9sent\u00e9e sous forme de petites t\u00eates tr\u00e8s faciles \u00e0 effriter, avec beaucoup de pistils orang\u00e9s, typique de la vari\u00e9t\u00e9 Blueberry. Une odeur fruit\u00e9e se d\u00e9gage lors de l&rsquo;ouverture du sachet, et lors de sa combustion, elle se rapproche des fleurs indoor d&rsquo;antan, puissante et tr\u00e8s gustative.<\/p>\n<p>Die Blueberry Indoor Mini Buds werden also alle unsere Liebhaber von sch\u00f6nen, qualitativ hochwertigen, kr\u00e4ftigen und geschmackvollen Blumen begeistern.<\/p>\n<p>Am wichtigsten ist uns, dass wir Ihnen Blumen und Harze von ausgezeichnetem Wert zu erschwinglichen und akzeptablen Preisen und unter Einhaltung der vom EuGH zugelassenen Werte (&lt;0,3% THC) liefern k\u00f6nnen.<\/p>\n<p>Was k\u00f6nnen Sie mit diesen Produkten machen? Entspannende Tees, um Ihren Schlaf zu verbessern, Potpourris, um Ihr Zuhause mit einem nat\u00fcrlichen Geruch zu durchtr\u00e4nken, oder Sie k\u00f6nnen sie in Ihrem Essen verwenden, wenn Sie m\u00f6chten (Salate, So\u00dfen, Dressings).<\/p>\n<p>Wir empfehlen Ihnen, die Meinung Ihres Arztes einzuholen, der Ihnen die beste Verwendung f\u00fcr Ihr CBD empfehlen kann.<\/p>\n<p>&nbsp;<\/p>\n<p>&nbsp;<\/p>\n<p>&nbsp;<\/p>\n<h6><\/h6>","protected":false},"excerpt":{"rendered":"<p>La fleur de CBD Blueberry Indoor mini buds provient d&rsquo;une culture en int\u00e9rieur, et est \u00e9labor\u00e9e par des producteurs passionn\u00e9s et investis, pour assurer la plus haute qualit\u00e9 possible.<\/p>\n<p>H\u00fcbsche kleine Buds, eine leicht get\u00f6nte Farbe, gef\u00fcllt mit den typischen orangefarbenen Trichomen der Blueberry-Sorte, ein kr\u00e4ftiger, blumiger Geruch. Die Blueberry indoor Mini Buds haben alles, was man sich w\u00fcnschen kann, wenn man auf Mini Buds zu einem guten Preis und ausgezeichneter Qualit\u00e4t steht.<\/p>\n<p>Un must try dans nos mini buds ! N&rsquo;attendez plus !<\/p>\n<ul>\n<li>Herkunft: Schweiz<\/li>\n<li>Sorte: Blueberry<\/li>\n<\/ul>\n<table style=\"border-collapse: collapse; width: 192px; height: 205px;\" border=\"1\">\n<tbody>\n<tr>\n<td style=\"width: 50%; text-align: center;\"><strong>THC<\/strong><\/td>\n<td style=\"width: 50%; text-align: center;\"><strong>0.27 %<\/strong><\/td>\n<\/tr>\n<tr>\n<td style=\"width: 50%; text-align: center;\"><strong>CBD<\/strong><\/td>\n<td style=\"width: 50%; text-align: center;\"><strong>16 %<\/strong><\/td>\n<\/tr>\n<tr>\n<td style=\"width: 50%; text-align: center;\"><strong>CBG<\/strong><\/td>\n<td style=\"width: 50%; text-align: center;\"><strong>n.n<\/strong><\/td>\n<\/tr>\n<tr>\n<td style=\"width: 50%; text-align: center;\"><b>Kultur<\/b><\/td>\n<td style=\"width: 50%; text-align: center;\"><strong>Indoor<\/strong><\/td>\n<\/tr>\n<\/tbody>\n<\/table>","protected":false},"featured_media":20352,"comment_status":"open","ping_status":"closed","template":"","meta":{"inline_featured_image":false},"product_brand":[75],"product_cat":[58,253,258],"product_tag":[220,76,252],"class_list":{"0":"post-16300","1":"product","2":"type-product","3":"status-publish","4":"has-post-thumbnail","6":"product_brand-la-verte","7":"product_cat-fleurs","8":"product_cat-indoor","9":"product_cat-trim-minibuds-cbd","10":"product_tag-fleurs-cbd","11":"product_tag-indoor","12":"product_tag-mini-buds","14":"first","15":"instock","16":"taxable","17":"shipping-taxable","18":"purchasable","19":"product-type-variable"},"jetpack_sharing_enabled":true,"_links":{"self":[{"href":"https:\/\/laverteshop.fr\/de\/wp-json\/wp\/v2\/product\/16300","targetHints":{"allow":["GET"]}}],"collection":[{"href":"https:\/\/laverteshop.fr\/de\/wp-json\/wp\/v2\/product"}],"about":[{"href":"https:\/\/laverteshop.fr\/de\/wp-json\/wp\/v2\/types\/product"}],"replies":[{"embeddable":true,"href":"https:\/\/laverteshop.fr\/de\/wp-json\/wp\/v2\/comments?post=16300"}],"wp:featuredmedia":[{"embeddable":true,"href":"https:\/\/laverteshop.fr\/de\/wp-json\/wp\/v2\/media\/20352"}],"wp:attachment":[{"href":"https:\/\/laverteshop.fr\/de\/wp-json\/wp\/v2\/media?parent=16300"}],"wp:term":[{"taxonomy":"product_brand","embeddable":true,"href":"https:\/\/laverteshop.fr\/de\/wp-json\/wp\/v2\/product_brand?post=16300"},{"taxonomy":"product_cat","embeddable":true,"href":"https:\/\/laverteshop.fr\/de\/wp-json\/wp\/v2\/product_cat?post=16300"},{"taxonomy":"product_tag","embeddable":true,"href":"https:\/\/laverteshop.fr\/de\/wp-json\/wp\/v2\/product_tag?post=16300"}],"curies":[{"name":"wp","href":"https:\/\/api.w.org\/{rel}","templated":true}]}}