{"id":15793,"date":"2023-07-04T17:07:13","date_gmt":"2023-07-04T15:07:13","guid":{"rendered":"https:\/\/laverteshop.fr\/?post_type=product&#038;p=15793"},"modified":"2026-04-11T01:49:15","modified_gmt":"2026-04-10T23:49:15","slug":"swiss-premium-black-hash-bio-2","status":"publish","type":"product","link":"https:\/\/laverteshop.fr\/de\/product\/swiss-premium-black-hash-bio-2\/","title":{"rendered":"Swiss Premium Black Hash BIO"},"content":{"rendered":"<p><span style=\"font-size: 14.4px;\">Premium Black Hash ist unser neuester Zugang zu unserem Haschkatalog. Ein gro\u00dfartiges, kompaktes Harz, das nur ein wenig \u00f6lig ist und sehr einfach zu benutzen.<\/span><\/p>\n<p><span style=\"font-size: 14.4px;\">Son go\u00fbt plut\u00f4t poivr\u00e9, et son odeur l\u00e9g\u00e8rement terreuse, vous rappellerons les vraies r\u00e9sines d&rsquo;antan.<\/span><\/p>\n<p>Avec son taux de CBD de 26%, qui assure donc une bonne relaxation, il est donc conseill\u00e9 d&rsquo;utiliser ce Premium Black Hash en fin de journ\u00e9e, ou en soir\u00e9e.<\/p>\n<p>Unsere Produkte sind mit dem Schweizer CBD-Qualit\u00e4tssiegel zertifiziert. Am wichtigsten ist uns, dass wir Ihnen Bl\u00fcten und Harze von ausgezeichnetem Wert zu erschwinglichen und akzeptablen Preisen und unter Einhaltung der vom EuGH zugelassenen Werte (&lt;0,3% THC) liefern k\u00f6nnen.<\/p>\n<p>Was k\u00f6nnen Sie mit diesen Produkten machen? Entspannende Tees, um Ihren Schlaf zu verbessern, Potpourris, um Ihr Zuhause mit einem nat\u00fcrlichen Geruch zu durchtr\u00e4nken, oder Sie k\u00f6nnen sie in Ihrem Essen verwenden, wenn Sie m\u00f6chten (Salate, So\u00dfen, Dressings).<\/p>\n<p><strong>WICHTIGER HINWEIS :<\/strong> Nos r\u00e9sines et hash sont pr\u00e9par\u00e9s dans des laboratoires certifi\u00e9s, avec des proc\u00e9d\u00e9s et techniques qui appartiennent seulement aux producteurs avec qui nous travaillons. La texture et l&rsquo;odeur des produits peuvent donc changer d&rsquo;une r\u00e9colte \u00e0 une autre, d\u00e9pendant aussi de la fleur utilis\u00e9e. Si vous avez un probl\u00e8me avec un produit, contactez nous \u00e0 <a href=\"mailto:contact@laverteshop.fr\">contact@laverteshop.fr<\/a> und wir werden eine L\u00f6sung zu Ihrer Zufriedenheit finden. Vielen Dank f\u00fcr Ihr Verst\u00e4ndnis.<\/p>\n<p>Wir empfehlen Ihnen, die Meinung Ihres Arztes einzuholen, der Ihnen die beste Verwendung f\u00fcr Ihr CBD empfehlen kann.<\/p>","protected":false},"excerpt":{"rendered":"<p><span style=\"font-size: 14.4px;\">Swiss Premium Black Hash BIO ist unser neuester Zugang zu unserem Haschkatalog. Ein wundersch\u00f6nes, kompaktes, leicht \u00f6liges Harz, das sehr einfach zu verwenden ist. Dieses Hasch wird aus hochwertigen Schweizer BIO-Bl\u00fcten hergestellt, die indoor im Kanton Bern angebaut werden.<\/span><\/p>\n<p>C&rsquo;est une r\u00e9sine plut\u00f4t relaxante, au go\u00fbt prononc\u00e9. Un must \u00e0 ne pas rater si vous \u00eates amateurs de bons hash.<\/p>\n<ul>\n<li>Herkunft: BiO Schweiz<\/li>\n<li>Wirkung: entspannend<\/li>\n<\/ul>\n<table style=\"border-collapse: collapse; width: 192px; height: 205px;\" border=\"1\">\n<tbody>\n<tr>\n<td style=\"width: 50%; text-align: center;\"><strong>THC<\/strong><\/td>\n<td style=\"width: 50%; text-align: center;\"><strong>0.2 %<\/strong><\/td>\n<\/tr>\n<tr>\n<td style=\"width: 50%; text-align: center;\"><strong>CBD<\/strong><\/td>\n<td style=\"width: 50%; text-align: center;\"><strong>246%<\/strong><\/td>\n<\/tr>\n<tr>\n<td style=\"width: 50%; text-align: center;\"><b>CBG<\/b><\/td>\n<td style=\"width: 50%; text-align: center;\"><strong>n.n<\/strong><\/td>\n<\/tr>\n<tr>\n<td style=\"width: 50%; text-align: center;\"><b>Kultur<\/b><\/td>\n<td style=\"width: 50%; text-align: center;\"><strong>Indoor<\/strong><\/td>\n<\/tr>\n<\/tbody>\n<\/table>\n<p>&nbsp;<\/p>","protected":false},"featured_media":17947,"comment_status":"open","ping_status":"closed","template":"","meta":{"inline_featured_image":false},"product_brand":[75],"product_cat":[59],"product_tag":[244,230],"class_list":{"0":"post-15793","1":"product","2":"type-product","3":"status-publish","4":"has-post-thumbnail","6":"product_brand-la-verte","7":"product_cat-pollens","8":"product_tag-hash","9":"product_tag-resines","11":"first","12":"instock","13":"taxable","14":"shipping-taxable","15":"purchasable","16":"product-type-variable"},"jetpack_sharing_enabled":true,"_links":{"self":[{"href":"https:\/\/laverteshop.fr\/de\/wp-json\/wp\/v2\/product\/15793","targetHints":{"allow":["GET"]}}],"collection":[{"href":"https:\/\/laverteshop.fr\/de\/wp-json\/wp\/v2\/product"}],"about":[{"href":"https:\/\/laverteshop.fr\/de\/wp-json\/wp\/v2\/types\/product"}],"replies":[{"embeddable":true,"href":"https:\/\/laverteshop.fr\/de\/wp-json\/wp\/v2\/comments?post=15793"}],"wp:featuredmedia":[{"embeddable":true,"href":"https:\/\/laverteshop.fr\/de\/wp-json\/wp\/v2\/media\/17947"}],"wp:attachment":[{"href":"https:\/\/laverteshop.fr\/de\/wp-json\/wp\/v2\/media?parent=15793"}],"wp:term":[{"taxonomy":"product_brand","embeddable":true,"href":"https:\/\/laverteshop.fr\/de\/wp-json\/wp\/v2\/product_brand?post=15793"},{"taxonomy":"product_cat","embeddable":true,"href":"https:\/\/laverteshop.fr\/de\/wp-json\/wp\/v2\/product_cat?post=15793"},{"taxonomy":"product_tag","embeddable":true,"href":"https:\/\/laverteshop.fr\/de\/wp-json\/wp\/v2\/product_tag?post=15793"}],"curies":[{"name":"wp","href":"https:\/\/api.w.org\/{rel}","templated":true}]}}