{"id":15587,"date":"2023-06-15T16:29:43","date_gmt":"2023-06-15T14:29:43","guid":{"rendered":"https:\/\/laverteshop.fr\/?post_type=product&#038;p=15587"},"modified":"2025-07-15T16:38:11","modified_gmt":"2025-07-15T14:38:11","slug":"godfather-og-indoor","status":"publish","type":"product","link":"https:\/\/laverteshop.fr\/de\/product\/godfather-og-indoor\/","title":{"rendered":"Godfather OG Indoor"},"content":{"rendered":"<p>La fleur de CBD Godfather OG indoor, \u00e9galement connu sous le nom \u00ab\u00a0Godfather\u00a0\u00bb, est une vari\u00e9t\u00e9 Indica qui provient d&rsquo;une culture indoor, et donc qui garantit une qualit\u00e9 de fleur excellente. La luminosit\u00e9, l&rsquo;humidit\u00e9 et la temp\u00e9rature lors de la culture sont \u00e0 des niveaux parfait, et donc vous retrouverez une magnifique fleur, avec un go\u00fbt bien prononc\u00e9.<\/p>\n<p>Sie wird in Form von sehr sch\u00f6nen gro\u00dfen Buds pr\u00e4sentiert, die voll mit orangefarbenen Trichomen sind. Der Geschmack ist leicht w\u00fcrzig und \u00e4hnelt dem von Kush-Sorten. Diese neue Erg\u00e4nzung zu unserem Katalog wird Sie mit Sicherheit begeistern.<\/p>\n<p>Am wichtigsten ist uns, dass wir Ihnen Blumen und Harze von ausgezeichnetem Wert zu erschwinglichen und akzeptablen Preisen und unter Einhaltung der vom EuGH zugelassenen Werte (&lt;0,3% THC) liefern k\u00f6nnen.<\/p>\n<p>Was k\u00f6nnen Sie mit diesen Produkten machen? Entspannende Tees, um Ihren Schlaf zu verbessern, Potpourris, um Ihr Zuhause mit einem nat\u00fcrlichen Geruch zu durchtr\u00e4nken, oder Sie k\u00f6nnen sie in Ihrem Essen verwenden, wenn Sie m\u00f6chten (Salate, So\u00dfen, Dressings).<\/p>\n<p>Wir empfehlen Ihnen, die Meinung Ihres Arztes einzuholen, der Ihnen die beste Verwendung f\u00fcr Ihr CBD empfehlen kann.<\/p>\n<p>&nbsp;<\/p>\n<p>&nbsp;<\/p>\n<p>&nbsp;<\/p>\n<h6><\/h6>","protected":false},"excerpt":{"rendered":"<p>La fleur de CBD Godfather OG indoor, \u00e9galement connu sous le nom \u00ab\u00a0Godfather\u00a0\u00bb, est une vari\u00e9t\u00e9 Indica qui provient d&rsquo;une culture indoor, et donc qui garantit une qualit\u00e9 de fleur excellente.<\/p>\n<p>Vous retrouverez une magnifique fleur, avec un go\u00fbt bien prononc\u00e9. Des notes de raisins et de fruits se feront sentir lors de l&rsquo;ouverture du sachet.<\/p>\n<p>Neueste Entdeckung, sie wird alle unsere Liebhaber von Qualit\u00e4tsblumen begeistern<\/p>\n<ul>\n<li>Kultur: Indoor<\/li>\n<li>Herkunft: Schweiz<\/li>\n<\/ul>\n<table style=\"border-collapse: collapse; width: 192px; height: 205px;\" border=\"1\">\n<tbody>\n<tr>\n<td style=\"width: 50%; text-align: center;\"><strong>THC<\/strong><\/td>\n<td style=\"width: 50%; text-align: center;\"><strong>0.27%<\/strong><\/td>\n<\/tr>\n<tr>\n<td style=\"width: 50%; text-align: center;\"><strong>CBD<\/strong><\/td>\n<td style=\"width: 50%; text-align: center;\"><strong>16 %<\/strong><\/td>\n<\/tr>\n<tr>\n<td style=\"width: 50%; text-align: center;\"><strong>CBG<\/strong><\/td>\n<td style=\"width: 50%; text-align: center;\"><strong>n.n<\/strong><\/td>\n<\/tr>\n<tr>\n<td style=\"width: 50%; text-align: center;\"><b>Kultur<\/b><\/td>\n<td style=\"width: 50%; text-align: center;\"><strong>Indoor<\/strong><\/td>\n<\/tr>\n<\/tbody>\n<\/table>","protected":false},"featured_media":17950,"comment_status":"open","ping_status":"closed","template":"","meta":{"inline_featured_image":false},"product_brand":[75],"product_cat":[58,253],"product_tag":[220,76],"class_list":{"0":"post-15587","1":"product","2":"type-product","3":"status-publish","4":"has-post-thumbnail","6":"product_brand-la-verte","7":"product_cat-fleurs","8":"product_cat-indoor","9":"product_tag-fleurs-cbd","10":"product_tag-indoor","12":"first","13":"instock","14":"taxable","15":"shipping-taxable","16":"purchasable","17":"product-type-variable"},"jetpack_sharing_enabled":true,"_links":{"self":[{"href":"https:\/\/laverteshop.fr\/de\/wp-json\/wp\/v2\/product\/15587","targetHints":{"allow":["GET"]}}],"collection":[{"href":"https:\/\/laverteshop.fr\/de\/wp-json\/wp\/v2\/product"}],"about":[{"href":"https:\/\/laverteshop.fr\/de\/wp-json\/wp\/v2\/types\/product"}],"replies":[{"embeddable":true,"href":"https:\/\/laverteshop.fr\/de\/wp-json\/wp\/v2\/comments?post=15587"}],"wp:featuredmedia":[{"embeddable":true,"href":"https:\/\/laverteshop.fr\/de\/wp-json\/wp\/v2\/media\/17950"}],"wp:attachment":[{"href":"https:\/\/laverteshop.fr\/de\/wp-json\/wp\/v2\/media?parent=15587"}],"wp:term":[{"taxonomy":"product_brand","embeddable":true,"href":"https:\/\/laverteshop.fr\/de\/wp-json\/wp\/v2\/product_brand?post=15587"},{"taxonomy":"product_cat","embeddable":true,"href":"https:\/\/laverteshop.fr\/de\/wp-json\/wp\/v2\/product_cat?post=15587"},{"taxonomy":"product_tag","embeddable":true,"href":"https:\/\/laverteshop.fr\/de\/wp-json\/wp\/v2\/product_tag?post=15587"}],"curies":[{"name":"wp","href":"https:\/\/api.w.org\/{rel}","templated":true}]}}