{"id":14313,"date":"2023-01-18T09:08:34","date_gmt":"2023-01-18T08:08:34","guid":{"rendered":"https:\/\/laverteshop.fr\/?post_type=product&#038;p=14313"},"modified":"2025-07-15T14:56:23","modified_gmt":"2025-07-15T12:56:23","slug":"the-de-hanf-bio-hanf-natur-mur-blatter-und-orangen-40g","status":"publish","type":"product","link":"https:\/\/laverteshop.fr\/de\/product\/the-de-hanf-bio-hanf-natur-mur-blatter-und-orangen-40g\/","title":{"rendered":"Bio Hanftee - Hanf &amp; Natur - Brombeerbl\u00e4tter und Brennnessel - 40g"},"content":{"rendered":"<p>Ingr\u00e9dients : Feuilles de chanvre (40%), feuilles de m\u00fbres (30%), feuilles d&rsquo;orties (30%) &#8211; tous issus de la culture biologique contr\u00f4l\u00e9e.<\/p>\n<p>Pr\u00e9paration : Versez 1 cuill\u00e8re \u00e0 caf\u00e9 du m\u00e9lange dans de l&rsquo;eau bouillante, laissez infuser pendant 8 minutes et d\u00e9gustez.<\/p>\n<p>Hinweis: Der Tee ist nicht f\u00fcr Kinder mit einem Gewicht unter 15 kg geeignet.<\/p>\n<div><\/div>","protected":false},"excerpt":{"rendered":"<p>Bio Hanftee mit Bl\u00e4ttern der Zitronenverbene - lose 40g<\/p>\n<p>Die biologische Kr\u00e4uterteemischung ist sowohl tee- als auch s\u00e4urefrei und daher sehr bek\u00f6mmlich.<\/p>\n<p>Dank der sch\u00f6nen Verpackung in einer exklusiven Schachtel eignen sich die Tees von Hanf &amp; Natur auch ideal als kleine Geschenkidee - sie lassen die Herzen von Teeliebhabern h\u00f6her schlagen.<\/p>","protected":false},"featured_media":14315,"comment_status":"open","ping_status":"closed","template":"","meta":{"inline_featured_image":false},"product_brand":[240],"product_cat":[241],"product_tag":[251],"class_list":{"0":"post-14313","1":"product","2":"type-product","3":"status-publish","4":"has-post-thumbnail","6":"product_brand-hanf-natur","7":"product_cat-the","8":"product_tag-thes-infusions","10":"first","11":"instock","12":"taxable","13":"shipping-taxable","14":"purchasable","15":"product-type-simple"},"jetpack_sharing_enabled":true,"_links":{"self":[{"href":"https:\/\/laverteshop.fr\/de\/wp-json\/wp\/v2\/product\/14313","targetHints":{"allow":["GET"]}}],"collection":[{"href":"https:\/\/laverteshop.fr\/de\/wp-json\/wp\/v2\/product"}],"about":[{"href":"https:\/\/laverteshop.fr\/de\/wp-json\/wp\/v2\/types\/product"}],"replies":[{"embeddable":true,"href":"https:\/\/laverteshop.fr\/de\/wp-json\/wp\/v2\/comments?post=14313"}],"wp:featuredmedia":[{"embeddable":true,"href":"https:\/\/laverteshop.fr\/de\/wp-json\/wp\/v2\/media\/14315"}],"wp:attachment":[{"href":"https:\/\/laverteshop.fr\/de\/wp-json\/wp\/v2\/media?parent=14313"}],"wp:term":[{"taxonomy":"product_brand","embeddable":true,"href":"https:\/\/laverteshop.fr\/de\/wp-json\/wp\/v2\/product_brand?post=14313"},{"taxonomy":"product_cat","embeddable":true,"href":"https:\/\/laverteshop.fr\/de\/wp-json\/wp\/v2\/product_cat?post=14313"},{"taxonomy":"product_tag","embeddable":true,"href":"https:\/\/laverteshop.fr\/de\/wp-json\/wp\/v2\/product_tag?post=14313"}],"curies":[{"name":"wp","href":"https:\/\/api.w.org\/{rel}","templated":true}]}}