{"id":14253,"date":"2023-01-10T16:32:24","date_gmt":"2023-01-10T15:32:24","guid":{"rendered":"https:\/\/laverteshop.fr\/?post_type=product&#038;p=14253"},"modified":"2025-07-15T14:56:25","modified_gmt":"2025-07-15T12:56:25","slug":"raw-masterpiece-roll-filter","status":"publish","type":"product","link":"https:\/\/laverteshop.fr\/de\/product\/raw-masterpiece-roll-filter\/","title":{"rendered":"RAW Masterpiece Rolle + Filter"},"content":{"rendered":"<p>RAW Masterpiece Rolle + Filter liefert 30 vorgerollte Filter und eine 3-Meter-Rolle mit unraffiniertem, hochwertigem und gebrauchsfertigem RAW-Zigarettenpapier.<\/p>\n<p>Die praktische Pappschachtel (Ma\u00dfe: ca. 65 x 52 x 26 mm) ist nachf\u00fcllbar, wird mit einem praktischen Magnetverschluss geschlossen und hat eine integrierte Abrisskante.<br \/>\nLangsame und gleichm\u00e4\u00dfige Verbrennung durch das patentierte RAW-Kreuzwasserzeichen.<\/p>\n<p>Die RAW Masterpiece Roll + Filter Box wird Sie \u00fcberall hin begleiten!<\/p>\n<p>Eigenschaften:<\/p>\n<p>- Breite 54 mm (King Size)Rand<br \/>\n- 3 Meter lang<br \/>\n- Filter: ca. 19 \u00d7 7 mm<br \/>\n- Chlorfrei, holzfrei, ohne Biogenetik, VEGAN<br \/>\n&#8211; Fabriqu\u00e9 avec de l&rsquo;\u00e9nergie \u00e9olienne \u00e9cologique<br \/>\n- 1x 3-Meter-Rolle + 30 Spikes pro Packung<\/p>","protected":false},"excerpt":{"rendered":"<p>Diese RAW Masterpiece Box ist einzigartig! 30 vorgerollte Filter und eine 3 Meter lange Rolle King Size-Folie.<\/p>\n<p>La boite se ferme avec un magnet, pour garder votre rouleau et vos filtres bien \u00e0 l&rsquo;abris.<\/p>\n<ul>\n<li>Rollenbreite: 54mm (King Size)<\/li>\n<li>30 Filter enthalten, mit zentraler Einkerbung, um den Rauch gut zu filtern<\/li>\n<li>3 Meter Blatt zum Zusammenrollen<\/li>\n<li>Wiederverwendbare und nachf\u00fcllbare Box.<\/li>\n<li>Abrei\u00dfkante, um Ihr Blatt auf die von Ihnen gew\u00fcnschte L\u00e4nge zu schneiden<\/li>\n<\/ul>\n<p>Cette bo\u00eete RAW Masterpiece rouleau + filtres est donc l&rsquo;accessoire ultime.<\/p>","protected":false},"featured_media":14254,"comment_status":"open","ping_status":"closed","template":"","meta":{"inline_featured_image":false},"product_brand":[198],"product_cat":[61,196],"product_tag":[217,218],"class_list":{"0":"post-14253","1":"product","2":"type-product","3":"status-publish","4":"has-post-thumbnail","6":"product_brand-raw","7":"product_cat-accessoires","8":"product_cat-feuilles-a-rouler","9":"product_tag-feuilles","10":"product_tag-filtres","12":"first","13":"instock","14":"taxable","15":"shipping-taxable","16":"purchasable","17":"product-type-simple"},"jetpack_sharing_enabled":true,"_links":{"self":[{"href":"https:\/\/laverteshop.fr\/de\/wp-json\/wp\/v2\/product\/14253","targetHints":{"allow":["GET"]}}],"collection":[{"href":"https:\/\/laverteshop.fr\/de\/wp-json\/wp\/v2\/product"}],"about":[{"href":"https:\/\/laverteshop.fr\/de\/wp-json\/wp\/v2\/types\/product"}],"replies":[{"embeddable":true,"href":"https:\/\/laverteshop.fr\/de\/wp-json\/wp\/v2\/comments?post=14253"}],"wp:featuredmedia":[{"embeddable":true,"href":"https:\/\/laverteshop.fr\/de\/wp-json\/wp\/v2\/media\/14254"}],"wp:attachment":[{"href":"https:\/\/laverteshop.fr\/de\/wp-json\/wp\/v2\/media?parent=14253"}],"wp:term":[{"taxonomy":"product_brand","embeddable":true,"href":"https:\/\/laverteshop.fr\/de\/wp-json\/wp\/v2\/product_brand?post=14253"},{"taxonomy":"product_cat","embeddable":true,"href":"https:\/\/laverteshop.fr\/de\/wp-json\/wp\/v2\/product_cat?post=14253"},{"taxonomy":"product_tag","embeddable":true,"href":"https:\/\/laverteshop.fr\/de\/wp-json\/wp\/v2\/product_tag?post=14253"}],"curies":[{"name":"wp","href":"https:\/\/api.w.org\/{rel}","templated":true}]}}