{"id":13632,"date":"2022-10-24T15:18:23","date_gmt":"2022-10-24T13:18:23","guid":{"rendered":"https:\/\/laverteshop.fr\/?post_type=product&#038;p=13632"},"modified":"2025-07-15T14:56:28","modified_gmt":"2025-07-15T12:56:28","slug":"sachet-unter-video-schwinge-s","status":"publish","type":"product","link":"https:\/\/laverteshop.fr\/de\/product\/sachet-unter-video-schwinge-s\/","title":{"rendered":"Vakuumbeutel Gr\u00f6\u00dfe S"},"content":{"rendered":"<p><strong>Vakuumbeutel Gr\u00f6\u00dfe S:<\/strong><\/p>\n<ul>\n<li>Ma\u00dfe (in cm): 20 x 30<\/li>\n<li>Seitliche Schwei\u00dfnaht von 7 mm auf jeder Seite<\/li>\n<li>105 Mikron<\/li>\n<li>Mit jeder Art von Vakuumierger\u00e4t verwendbar<\/li>\n<li>Eine Seite gepr\u00e4gt, eine Seite transparent und glatt<\/li>\n<\/ul>","protected":false},"excerpt":{"rendered":"<p><strong>Vakuumbeutel Gr\u00f6\u00dfe S:<\/strong><\/p>\n<ul>\n<li>Ma\u00dfe (in cm): 20 x 30<\/li>\n<li>Seitliche Schwei\u00dfnaht von 7 mm auf jeder Seite<\/li>\n<li>105 Mikron<\/li>\n<li>Mit jeder Art von Vakuumierger\u00e4t verwendbar<\/li>\n<li>Eine Seite gepr\u00e4gt, eine Seite transparent und glatt<\/li>\n<\/ul>","protected":false},"featured_media":13636,"comment_status":"open","ping_status":"closed","template":"","meta":{"inline_featured_image":false},"product_brand":[75],"product_cat":[264],"product_tag":[274,283],"class_list":{"0":"post-13632","1":"product","2":"type-product","3":"status-publish","4":"has-post-thumbnail","6":"product_brand-la-verte","7":"product_cat-emballages","8":"product_tag-emballage","9":"product_tag-sachet-sous-vide","11":"first","12":"instock","13":"taxable","14":"shipping-taxable","15":"purchasable","16":"product-type-variable"},"jetpack_sharing_enabled":true,"_links":{"self":[{"href":"https:\/\/laverteshop.fr\/de\/wp-json\/wp\/v2\/product\/13632","targetHints":{"allow":["GET"]}}],"collection":[{"href":"https:\/\/laverteshop.fr\/de\/wp-json\/wp\/v2\/product"}],"about":[{"href":"https:\/\/laverteshop.fr\/de\/wp-json\/wp\/v2\/types\/product"}],"replies":[{"embeddable":true,"href":"https:\/\/laverteshop.fr\/de\/wp-json\/wp\/v2\/comments?post=13632"}],"wp:featuredmedia":[{"embeddable":true,"href":"https:\/\/laverteshop.fr\/de\/wp-json\/wp\/v2\/media\/13636"}],"wp:attachment":[{"href":"https:\/\/laverteshop.fr\/de\/wp-json\/wp\/v2\/media?parent=13632"}],"wp:term":[{"taxonomy":"product_brand","embeddable":true,"href":"https:\/\/laverteshop.fr\/de\/wp-json\/wp\/v2\/product_brand?post=13632"},{"taxonomy":"product_cat","embeddable":true,"href":"https:\/\/laverteshop.fr\/de\/wp-json\/wp\/v2\/product_cat?post=13632"},{"taxonomy":"product_tag","embeddable":true,"href":"https:\/\/laverteshop.fr\/de\/wp-json\/wp\/v2\/product_tag?post=13632"}],"curies":[{"name":"wp","href":"https:\/\/api.w.org\/{rel}","templated":true}]}}