{"id":13624,"date":"2022-10-24T14:50:25","date_gmt":"2022-10-24T12:50:25","guid":{"rendered":"https:\/\/laverteshop.fr\/?post_type=product&#038;p=13624"},"modified":"2025-07-15T14:56:30","modified_gmt":"2025-07-15T12:56:30","slug":"beutel-kraft-grose-m","status":"publish","type":"product","link":"https:\/\/laverteshop.fr\/de\/product\/beutel-kraft-grose-m\/","title":{"rendered":"Kraft-Beutel Gr\u00f6\u00dfe M"},"content":{"rendered":"<p><strong>Kraft-Beutel Gr\u00f6\u00dfe M:<\/strong><\/p>\n<ul>\n<li>Ma\u00dfe (in cm): 11 x 18.5<\/li>\n<li>Innen mit Aluminium beschichtet f\u00fcr bessere Haltbarkeit<\/li>\n<li>Abrei\u00dfbare Einkerbung<\/li>\n<li>Flache Ecken<\/li>\n<li>Mit hermetischer Verschlussdichtung<\/li>\n<\/ul>","protected":false},"excerpt":{"rendered":"<p><strong>Kraft-Beutel Gr\u00f6\u00dfe M:<\/strong><\/p>\n<ul>\n<li>Ma\u00dfe (in cm): 11 x 18.5<\/li>\n<li>Innen mit Aluminium beschichtet f\u00fcr bessere Haltbarkeit<\/li>\n<li>Abrei\u00dfbare Einkerbung<\/li>\n<li>Flache Ecken<\/li>\n<li>Mit hermetischer Verschlussdichtung<\/li>\n<\/ul>","protected":false},"featured_media":13621,"comment_status":"open","ping_status":"closed","template":"","meta":{"inline_featured_image":false},"product_brand":[75],"product_cat":[264],"product_tag":[274,275,276],"class_list":{"0":"post-13624","1":"product","2":"type-product","3":"status-publish","4":"has-post-thumbnail","6":"product_brand-la-verte","7":"product_cat-emballages","8":"product_tag-emballage","9":"product_tag-kraft","10":"product_tag-sachet","12":"first","13":"instock","14":"taxable","15":"shipping-taxable","16":"purchasable","17":"product-type-variable"},"jetpack_sharing_enabled":true,"_links":{"self":[{"href":"https:\/\/laverteshop.fr\/de\/wp-json\/wp\/v2\/product\/13624","targetHints":{"allow":["GET"]}}],"collection":[{"href":"https:\/\/laverteshop.fr\/de\/wp-json\/wp\/v2\/product"}],"about":[{"href":"https:\/\/laverteshop.fr\/de\/wp-json\/wp\/v2\/types\/product"}],"replies":[{"embeddable":true,"href":"https:\/\/laverteshop.fr\/de\/wp-json\/wp\/v2\/comments?post=13624"}],"wp:featuredmedia":[{"embeddable":true,"href":"https:\/\/laverteshop.fr\/de\/wp-json\/wp\/v2\/media\/13621"}],"wp:attachment":[{"href":"https:\/\/laverteshop.fr\/de\/wp-json\/wp\/v2\/media?parent=13624"}],"wp:term":[{"taxonomy":"product_brand","embeddable":true,"href":"https:\/\/laverteshop.fr\/de\/wp-json\/wp\/v2\/product_brand?post=13624"},{"taxonomy":"product_cat","embeddable":true,"href":"https:\/\/laverteshop.fr\/de\/wp-json\/wp\/v2\/product_cat?post=13624"},{"taxonomy":"product_tag","embeddable":true,"href":"https:\/\/laverteshop.fr\/de\/wp-json\/wp\/v2\/product_tag?post=13624"}],"curies":[{"name":"wp","href":"https:\/\/api.w.org\/{rel}","templated":true}]}}