{"id":13599,"date":"2022-10-22T16:40:24","date_gmt":"2022-10-22T14:40:24","guid":{"rendered":"https:\/\/laverteshop.fr\/?post_type=product&#038;p=13599"},"modified":"2026-04-18T12:45:10","modified_gmt":"2026-04-18T10:45:10","slug":"ketama-schwarz-bio","status":"publish","type":"product","link":"https:\/\/laverteshop.fr\/de\/product\/ketama-schwarz-bio\/","title":{"rendered":"Ketama schwarz Bio"},"content":{"rendered":"<p><span style=\"font-size: 14.4px;\">Das schwarze Ketama BIO ist unser neuester Zugang zu unserem Hash-Sortiment. Hergestellt in der Schweiz aus Indoor-CBD-Bl\u00fcten, die BIO-gez\u00fcchtet wurden, also ein 100% BIO-Hasch. Ein sch\u00f6nes, weiches, dunkles Harz. Bei der Herstellung wird dieses Harz kalt gepresst, um alle Terpene in diesem schwarzen BIO Ketama zu erhalten.<\/span><\/p>\n<p>Des notes poivr\u00e9es et \u00e9pic\u00e9es ressortent lors de l&rsquo;ouverture du sachet ainsi qu&rsquo;a la combustion.<\/p>\n<p>Vous pouvez soit le r\u00e9chauffer, soit en faire un spaghetti fin, a froid. C&rsquo;est une r\u00e9sine top qualit\u00e9, qui ravira tous nos amateurs de hash \u00e0 bon rapport qualit\u00e9\/prix<\/p>\n<p>Unsere Produkte sind mit dem Schweizer CBD-Qualit\u00e4tssiegel zertifiziert. Am wichtigsten ist uns, dass wir Ihnen Bl\u00fcten und Harze von ausgezeichnetem Wert zu erschwinglichen und akzeptablen Preisen und unter Einhaltung der vom EuGH zugelassenen Werte (&lt;0,3% THC) liefern k\u00f6nnen.<\/p>\n<p>Was k\u00f6nnen Sie mit diesen Produkten machen? Entspannende Tees, um Ihren Schlaf zu verbessern, Potpourris, um Ihr Zuhause mit einem nat\u00fcrlichen Geruch zu durchtr\u00e4nken, oder Sie k\u00f6nnen sie in Ihrem Essen verwenden, wenn Sie m\u00f6chten (Salate, So\u00dfen, Dressings).<\/p>\n<p><strong>WICHTIGER HINWEIS :<\/strong> Nos r\u00e9sines et hash sont pr\u00e9par\u00e9s dans des laboratoires certifi\u00e9s, avec des proc\u00e9d\u00e9s et techniques qui appartiennent seulement aux producteurs avec qui nous travaillons. La texture et l&rsquo;odeur des produits peuvent donc changer d&rsquo;une r\u00e9colte \u00e0 une autre, d\u00e9pendant aussi de la fleur utilis\u00e9e. Si vous avez un probl\u00e8me avec un produit, contactez nous \u00e0 <a href=\"mailto:contact@laverteshop.fr\">contact@laverteshop.fr<\/a> und wir werden eine L\u00f6sung zu Ihrer Zufriedenheit finden. Vielen Dank f\u00fcr Ihr Verst\u00e4ndnis.<\/p>\n<p>Wir empfehlen Ihnen, die Meinung Ihres Arztes einzuholen, der Ihnen die beste Verwendung f\u00fcr Ihr CBD empfehlen kann.<\/p>","protected":false},"excerpt":{"rendered":"<p><span style=\"font-size: 14.4px;\">Die schwarze BIO Ketama wird in der Schweiz aus indoor CBD-Bl\u00fcten hergestellt. <\/span><\/p>\n<p><span style=\"font-size: 14.4px;\">Ein sch\u00f6nes, weiches, dunkles Harz. Bei der Herstellung wird dieses Harz kalt gepresst, um alle Terpene zu erhalten.<\/span><\/p>\n<p>Des notes poivr\u00e9es et \u00e9pic\u00e9es ressortent lors de l&rsquo;ouverture du sachet ainsi qu&rsquo;a la combustion.<\/p>\n<ul>\n<li>Kultur: Indoor<\/li>\n<li>Herkunft der Blumen: Schweiz, BIO-Anbau<\/li>\n<li>Wirkung: entspannend<\/li>\n<\/ul>\n<table style=\"border-collapse: collapse; width: 192px; height: 205px;\" border=\"1\">\n<tbody>\n<tr>\n<td style=\"width: 50%; text-align: center;\"><strong>THC<\/strong><\/td>\n<td style=\"width: 50%; text-align: center;\"><strong>0.2%<\/strong><\/td>\n<\/tr>\n<tr>\n<td style=\"width: 50%; text-align: center;\"><strong>CBD<\/strong><\/td>\n<td style=\"width: 50%; text-align: center;\"><strong>23 %<\/strong><\/td>\n<\/tr>\n<tr>\n<td style=\"width: 50%; text-align: center;\"><strong>CBG<\/strong><\/td>\n<td style=\"width: 50%; text-align: center;\"><strong>n.n<\/strong><\/td>\n<\/tr>\n<tr>\n<td style=\"width: 50%; text-align: center;\"><b>Kultur<\/b><\/td>\n<td style=\"width: 50%; text-align: center;\"><strong>Indoor<\/strong><\/td>\n<\/tr>\n<\/tbody>\n<\/table>\n<p>&nbsp;<\/p>","protected":false},"featured_media":13594,"comment_status":"open","ping_status":"closed","template":"","meta":{"inline_featured_image":false},"product_brand":[75],"product_cat":[59],"product_tag":[244,76,230],"class_list":{"0":"post-13599","1":"product","2":"type-product","3":"status-publish","4":"has-post-thumbnail","6":"product_brand-la-verte","7":"product_cat-pollens","8":"product_tag-hash","9":"product_tag-indoor","10":"product_tag-resines","12":"first","13":"instock","14":"taxable","15":"shipping-taxable","16":"purchasable","17":"product-type-variable"},"jetpack_sharing_enabled":true,"_links":{"self":[{"href":"https:\/\/laverteshop.fr\/de\/wp-json\/wp\/v2\/product\/13599","targetHints":{"allow":["GET"]}}],"collection":[{"href":"https:\/\/laverteshop.fr\/de\/wp-json\/wp\/v2\/product"}],"about":[{"href":"https:\/\/laverteshop.fr\/de\/wp-json\/wp\/v2\/types\/product"}],"replies":[{"embeddable":true,"href":"https:\/\/laverteshop.fr\/de\/wp-json\/wp\/v2\/comments?post=13599"}],"wp:featuredmedia":[{"embeddable":true,"href":"https:\/\/laverteshop.fr\/de\/wp-json\/wp\/v2\/media\/13594"}],"wp:attachment":[{"href":"https:\/\/laverteshop.fr\/de\/wp-json\/wp\/v2\/media?parent=13599"}],"wp:term":[{"taxonomy":"product_brand","embeddable":true,"href":"https:\/\/laverteshop.fr\/de\/wp-json\/wp\/v2\/product_brand?post=13599"},{"taxonomy":"product_cat","embeddable":true,"href":"https:\/\/laverteshop.fr\/de\/wp-json\/wp\/v2\/product_cat?post=13599"},{"taxonomy":"product_tag","embeddable":true,"href":"https:\/\/laverteshop.fr\/de\/wp-json\/wp\/v2\/product_tag?post=13599"}],"curies":[{"name":"wp","href":"https:\/\/api.w.org\/{rel}","templated":true}]}}