{"id":12804,"date":"2022-07-29T14:16:00","date_gmt":"2022-07-29T12:16:00","guid":{"rendered":"https:\/\/laverteshop.fr\/?post_type=product&#038;p=12804"},"modified":"2025-11-27T19:58:24","modified_gmt":"2025-11-27T18:58:24","slug":"tragbare-rohre-fur-rollengelenke-greengo-saverette","status":"publish","type":"product","link":"https:\/\/laverteshop.fr\/de\/product\/tragbare-rohre-fur-rollengelenke-greengo-saverette\/","title":{"rendered":"Tragbare Tube f\u00fcr gerollte Fugen - Greengo Saverette"},"content":{"rendered":"","protected":false},"excerpt":{"rendered":"<p>Tragbare Tube f\u00fcr gerollte Fugen - Greengo Saverette<\/p>\n<p>Eigenschaften :<br \/>\n- L\u00e4nge: ca. 12 cm<br \/>\n&#8211; pr\u00e9serve le contenu de l&rsquo;humidit\u00e9 et de la d\u00e9formation<br \/>\n&#8211; pas d&rsquo;odeur<br \/>\n- kein Geschmacksverlust<br \/>\n- Material: Kunststoff<\/p>","protected":false},"featured_media":12805,"comment_status":"open","ping_status":"closed","template":"","meta":{"inline_featured_image":false},"product_brand":[201],"product_cat":[261],"product_tag":[],"class_list":{"0":"post-12804","1":"product","2":"type-product","3":"status-publish","4":"has-post-thumbnail","6":"product_brand-greengo","7":"product_cat-tube-etui","9":"first","10":"instock","11":"taxable","12":"shipping-taxable","13":"purchasable","14":"product-type-simple"},"jetpack_sharing_enabled":true,"_links":{"self":[{"href":"https:\/\/laverteshop.fr\/de\/wp-json\/wp\/v2\/product\/12804","targetHints":{"allow":["GET"]}}],"collection":[{"href":"https:\/\/laverteshop.fr\/de\/wp-json\/wp\/v2\/product"}],"about":[{"href":"https:\/\/laverteshop.fr\/de\/wp-json\/wp\/v2\/types\/product"}],"replies":[{"embeddable":true,"href":"https:\/\/laverteshop.fr\/de\/wp-json\/wp\/v2\/comments?post=12804"}],"wp:featuredmedia":[{"embeddable":true,"href":"https:\/\/laverteshop.fr\/de\/wp-json\/wp\/v2\/media\/12805"}],"wp:attachment":[{"href":"https:\/\/laverteshop.fr\/de\/wp-json\/wp\/v2\/media?parent=12804"}],"wp:term":[{"taxonomy":"product_brand","embeddable":true,"href":"https:\/\/laverteshop.fr\/de\/wp-json\/wp\/v2\/product_brand?post=12804"},{"taxonomy":"product_cat","embeddable":true,"href":"https:\/\/laverteshop.fr\/de\/wp-json\/wp\/v2\/product_cat?post=12804"},{"taxonomy":"product_tag","embeddable":true,"href":"https:\/\/laverteshop.fr\/de\/wp-json\/wp\/v2\/product_tag?post=12804"}],"curies":[{"name":"wp","href":"https:\/\/api.w.org\/{rel}","templated":true}]}}