{"id":12221,"date":"2022-06-14T15:54:43","date_gmt":"2022-06-14T13:54:43","guid":{"rendered":"https:\/\/laverteshop.fr\/?post_type=product&#038;p=12221"},"modified":"2026-03-08T14:43:00","modified_gmt":"2026-03-08T13:43:00","slug":"bubble-gum-indoor","status":"publish","type":"product","link":"https:\/\/laverteshop.fr\/de\/product\/bubble-gum-indoor\/","title":{"rendered":"Bubble Gum Indoor"},"content":{"rendered":"<p>La Bubble Gum indoor est une vari\u00e9t\u00e9 de fleur \u00e0 dominance Indica. Elle provient d&rsquo;une culture situ\u00e9e dans le canton du Valais en Suisse. Elle est issue d&rsquo;un m\u00e9lange entre 2 vari\u00e9t\u00e9s bien connues, la Super Skunk et la Big Bud.<\/p>\n<p>Sie wird indoor gez\u00fcchtet (also bei kontrollierter Temperatur, Licht und Luftfeuchtigkeit), ihre Farbe tendiert zu einem eher hellen Gr\u00fcn und sie ist rund um die Bl\u00fcte mit wei\u00dfem Pollen gef\u00fcllt.<\/p>\n<p><span style=\"font-size: 16px;\">A l&rsquo;ouverture du sachet, vous serez ravis par ses odeurs fruit\u00e9es, et pourrez reconnaitre des notes sucr\u00e9es qui se d\u00e9gagent. Un m\u00e9lange de moyenne et grosses buds pour cette bubble gum indoor.<\/span><\/p>\n<p>Unsere Produkte sind mit der Schweizer CBD-Qualit\u00e4t zertifiziert. Uns ist es am wichtigsten, dass wir Ihnen Bl\u00fcten und Harze von ausgezeichnetem Wert zu erschwinglichen und akzeptablen Preisen liefern k\u00f6nnen. Und nat\u00fcrlich unter Einhaltung der vom EuGH erlaubten Werte (&lt;0.2% THC).<\/p>\n<p>Was k\u00f6nnen Sie mit diesen Produkten machen? Entspannende Tees, um Ihren Schlaf zu verbessern, Potpourris, um Ihr Zuhause mit einem nat\u00fcrlichen Geruch zu durchtr\u00e4nken, oder Sie k\u00f6nnen sie in Ihrem Essen verwenden, wenn Sie m\u00f6chten (Salate, So\u00dfen, Dressings).<\/p>\n<p>Wir empfehlen Ihnen, die Meinung Ihres Arztes einzuholen, der Ihnen die beste Verwendung f\u00fcr Ihr CBD empfehlen kann.<\/p>","protected":false},"excerpt":{"rendered":"<p>Bubble Gum indoor ist eine Indica-dominierte Blumensorte.<\/p>\n<p>Elle provient d&rsquo;une culture situ\u00e9e dans le canton du Valais en Suisse. Elle est issue d&rsquo;un m\u00e9lange entre 2 vari\u00e9t\u00e9s bien connues, la Super Skunk et la Big Bud.<\/p>\n<p>Ihre Farbe tendiert zu einem eher hellen Gr\u00fcn und sie ist rund um die Bl\u00fcte mit wei\u00dfen Pollen gef\u00fcllt.<\/p>\n<p>Eine unserer besten Sorten, die alle unsere Liebhaber und Kenner von hochwertigen Indoor-Blumen begeistern wird.<\/p>\n<ul>\n<li>Kultur: Indoor<\/li>\n<li>Herkunft: Schweiz<\/li>\n<\/ul>\n<table style=\"border-collapse: collapse; width: 192px; height: 205px;\" border=\"1\">\n<tbody>\n<tr>\n<td style=\"width: 50%; text-align: center;\"><strong>THC<\/strong><\/td>\n<td style=\"width: 50%; text-align: center;\"><strong>&lt;0.2%<\/strong><\/td>\n<\/tr>\n<tr>\n<td style=\"width: 50%; text-align: center;\"><strong>CBD<\/strong><\/td>\n<td style=\"width: 50%; text-align: center;\"><strong>16 %<\/strong><\/td>\n<\/tr>\n<tr>\n<td style=\"width: 50%; text-align: center;\"><strong>CBG<\/strong><\/td>\n<td style=\"width: 50%; text-align: center;\"><strong>n.n<\/strong><\/td>\n<\/tr>\n<tr>\n<td style=\"width: 50%; text-align: center;\"><b>Kultur<\/b><\/td>\n<td style=\"width: 50%; text-align: center;\"><strong>indoor<\/strong><\/td>\n<\/tr>\n<\/tbody>\n<\/table>","protected":false},"featured_media":18700,"comment_status":"open","ping_status":"closed","template":"","meta":{"inline_featured_image":false},"product_brand":[75],"product_cat":[58,253],"product_tag":[220,76],"class_list":{"0":"post-12221","1":"product","2":"type-product","3":"status-publish","4":"has-post-thumbnail","6":"product_brand-la-verte","7":"product_cat-fleurs","8":"product_cat-indoor","9":"product_tag-fleurs-cbd","10":"product_tag-indoor","12":"first","13":"instock","14":"taxable","15":"shipping-taxable","16":"purchasable","17":"product-type-variable"},"jetpack_sharing_enabled":true,"_links":{"self":[{"href":"https:\/\/laverteshop.fr\/de\/wp-json\/wp\/v2\/product\/12221","targetHints":{"allow":["GET"]}}],"collection":[{"href":"https:\/\/laverteshop.fr\/de\/wp-json\/wp\/v2\/product"}],"about":[{"href":"https:\/\/laverteshop.fr\/de\/wp-json\/wp\/v2\/types\/product"}],"replies":[{"embeddable":true,"href":"https:\/\/laverteshop.fr\/de\/wp-json\/wp\/v2\/comments?post=12221"}],"wp:featuredmedia":[{"embeddable":true,"href":"https:\/\/laverteshop.fr\/de\/wp-json\/wp\/v2\/media\/18700"}],"wp:attachment":[{"href":"https:\/\/laverteshop.fr\/de\/wp-json\/wp\/v2\/media?parent=12221"}],"wp:term":[{"taxonomy":"product_brand","embeddable":true,"href":"https:\/\/laverteshop.fr\/de\/wp-json\/wp\/v2\/product_brand?post=12221"},{"taxonomy":"product_cat","embeddable":true,"href":"https:\/\/laverteshop.fr\/de\/wp-json\/wp\/v2\/product_cat?post=12221"},{"taxonomy":"product_tag","embeddable":true,"href":"https:\/\/laverteshop.fr\/de\/wp-json\/wp\/v2\/product_tag?post=12221"}],"curies":[{"name":"wp","href":"https:\/\/api.w.org\/{rel}","templated":true}]}}