{"id":11944,"date":"2022-05-27T11:11:48","date_gmt":"2022-05-27T09:11:48","guid":{"rendered":"https:\/\/laverteshop.fr\/product\/the-de-chanvre-bio-hanf-natur-40g-2\/"},"modified":"2025-07-15T15:03:53","modified_gmt":"2025-07-15T13:03:53","slug":"the-de-hanf-bio-hanf-natur-40g-2","status":"publish","type":"product","link":"https:\/\/laverteshop.fr\/de\/product\/the-de-hanf-bio-hanf-natur-40g-2\/","title":{"rendered":"Bio Hanftee - Hanf &amp; Natur - Zitronenverbene und Brombeere 40g"},"content":{"rendered":"<p>Zutaten: Hanfbl\u00e4tter (40%), Brombeerbl\u00e4tter (30%), Zitronenverbene (30%) - alle aus kontrolliert biologischem Anbau. In Gro\u00dfpackungen.<\/p>\n<p>Pr\u00e9paration : Versez 1 cuill\u00e8re \u00e0 caf\u00e9 du m\u00e9lange dans de l&rsquo;eau bouillante, laissez infuser pendant 8 minutes et d\u00e9gustez.<\/p>\n<p>Hinweis: Der Tee ist nicht f\u00fcr Kinder mit einem Gewicht unter 15 kg geeignet.<\/p>","protected":false},"excerpt":{"rendered":"<p>Hanftee <a href=\"https:\/\/theswisshemp.com\/product\/huile-de-cbd-the-swiss-hemp-24\/\">Bio<\/a> mit Bl\u00e4ttern der Zitronen- und Brombeerverbene - Hanf &amp; Natur - 40g<\/p>\n<p>Diese Mischung aus biologischen Kr\u00e4utertees ist sowohl tee- als auch s\u00e4urefrei und daher sehr leicht verdaulich.<\/p>\n<p>Dank ihrer sch\u00f6nen Verpackung in einer exklusiven Schachtel eignen sich die Tees von Hanf &amp; Natur auch hervorragend als kleine Geschenkidee - sie lassen die Herzen von Teeliebhabern h\u00f6her schlagen.<\/p>\n<p><strong>Zutaten<\/strong> : Hanfbl\u00e4tter (35%), T\u00fcrkischer Balsam (35%), Himbeerbl\u00e4tter (30%) - alle aus kontrolliert biologischem Anbau.<\/p>\n<p><strong>Vorbereitung<\/strong> : Versez 1 cuill\u00e8re \u00e0 caf\u00e9 du m\u00e9lange dans de l&rsquo;eau bouillante, laissez infuser pendant 8 minutes et d\u00e9gustez.<\/p>\n<p><strong>Hinweis<\/strong> : Der Tee ist nicht f\u00fcr Kinder mit einem Gewicht unter 15 kg geeignet.<\/p>","protected":false},"featured_media":14316,"comment_status":"open","ping_status":"closed","template":"","meta":{"inline_featured_image":false},"product_brand":[240],"product_cat":[241],"product_tag":[251],"class_list":{"0":"post-11944","1":"product","2":"type-product","3":"status-publish","4":"has-post-thumbnail","6":"product_brand-hanf-natur","7":"product_cat-the","8":"product_tag-thes-infusions","10":"first","11":"outofstock","12":"taxable","13":"shipping-taxable","14":"purchasable","15":"product-type-simple"},"jetpack_sharing_enabled":true,"_links":{"self":[{"href":"https:\/\/laverteshop.fr\/de\/wp-json\/wp\/v2\/product\/11944","targetHints":{"allow":["GET"]}}],"collection":[{"href":"https:\/\/laverteshop.fr\/de\/wp-json\/wp\/v2\/product"}],"about":[{"href":"https:\/\/laverteshop.fr\/de\/wp-json\/wp\/v2\/types\/product"}],"replies":[{"embeddable":true,"href":"https:\/\/laverteshop.fr\/de\/wp-json\/wp\/v2\/comments?post=11944"}],"wp:featuredmedia":[{"embeddable":true,"href":"https:\/\/laverteshop.fr\/de\/wp-json\/wp\/v2\/media\/14316"}],"wp:attachment":[{"href":"https:\/\/laverteshop.fr\/de\/wp-json\/wp\/v2\/media?parent=11944"}],"wp:term":[{"taxonomy":"product_brand","embeddable":true,"href":"https:\/\/laverteshop.fr\/de\/wp-json\/wp\/v2\/product_brand?post=11944"},{"taxonomy":"product_cat","embeddable":true,"href":"https:\/\/laverteshop.fr\/de\/wp-json\/wp\/v2\/product_cat?post=11944"},{"taxonomy":"product_tag","embeddable":true,"href":"https:\/\/laverteshop.fr\/de\/wp-json\/wp\/v2\/product_tag?post=11944"}],"curies":[{"name":"wp","href":"https:\/\/api.w.org\/{rel}","templated":true}]}}