{"id":10037,"date":"2021-11-26T14:36:18","date_gmt":"2021-11-26T13:36:18","guid":{"rendered":"https:\/\/laverteshop.fr\/?post_type=product&#038;p=10037"},"modified":"2025-07-15T16:54:04","modified_gmt":"2025-07-15T14:54:04","slug":"mango-rocks-60-cbd","status":"publish","type":"product","link":"https:\/\/laverteshop.fr\/de\/product\/mango-rocks-60-cbd\/","title":{"rendered":"Mango rockt 60% CBD"},"content":{"rendered":"<p>Dies sind unsere Mango rocks 60% CBD.<\/p>\n<p>Ce sont des fleurs de CBD de culture greenhouse tremp\u00e9es dans de l&rsquo;isolat de CBD, et qui donne un taux de CBD \u00e9lev\u00e9, et assure une d\u00e9tente et une relaxation de qualit\u00e9.<\/p>\n<p>Ces rocks sont plut\u00f4t molles et faciles \u00e0 utiliser. A l&rsquo;ouverture du sachet, vous remarquerez les fortes notes fruit\u00e9es de mangue de ce produit.<\/p>\n<p><span style=\"font-size: 16px;\">Unsere Produkte sind mit dem Qualit\u00e4tszertifikat CBD Schweiz ausgezeichnet. Am wichtigsten ist uns, dass wir Ihnen Blumen und Pollen von ausgezeichnetem Wert zu erschwinglichen und akzeptablen Preisen und innerhalb der vom EuGH zugelassenen Werte (&lt;0,2% THC) liefern k\u00f6nnen.<\/span><\/p>\n<p>Was k\u00f6nnen Sie mit diesen Produkten machen? Entspannende Tees, um Ihren Schlaf zu verbessern, Potpourris, um Ihr Zuhause mit einem nat\u00fcrlichen Geruch zu durchtr\u00e4nken, oder Sie k\u00f6nnen sie in Ihrem Essen verwenden, wenn Sie m\u00f6chten (Salate, So\u00dfen, Dressings).<\/p>\n<p>Wir empfehlen Ihnen, die Meinung Ihres Arztes einzuholen, der Ihnen die beste Verwendung f\u00fcr Ihr CBD empfehlen kann.<\/p>\n<ul>\n<li>Herkunft: Schweiz<\/li>\n<\/ul>","protected":false},"excerpt":{"rendered":"<p>Nach dem Erfolg unserer Moonrocks sind hier unsere Mango rocks 60% CBD.<\/p>\n<p>Dies sind Blumen von Mango\u00a0<a href=\"https:\/\/laverteshop.fr\/de\/product\/amnesia-haze\/\">Haze<\/a> CBD de culture greenhouse tremp\u00e9es dans de l&rsquo;isolat de CBD. Cela donne un taux de CBD \u00e9lev\u00e9, et assure une d\u00e9tente et une relaxation de qualit\u00e9.<\/p>\n<p>Ces rocks sont plut\u00f4t molles, et faciles a effriter et utiliser. A l&rsquo;ouverture du sachet, vous remarquerez les fortes notes fruit\u00e9es de mangue de ce produit.<\/p>\n<table style=\"border-collapse: collapse; width: 244px; height: 216px;\" border=\"1\">\n<tbody>\n<tr>\n<td style=\"width: 50%; text-align: center;\"><strong>THC<\/strong><\/td>\n<td style=\"width: 50%; text-align: center;\"><strong>0.11%<\/strong><\/td>\n<\/tr>\n<tr>\n<td style=\"width: 50%; text-align: center;\"><strong>CBD<\/strong><\/td>\n<td style=\"width: 50%; text-align: center;\"><strong>60%<\/strong><\/td>\n<\/tr>\n<tr>\n<td style=\"width: 50%; text-align: center;\"><strong>CBG<\/strong><\/td>\n<td style=\"width: 50%; text-align: center;\"><strong>nn<\/strong><\/td>\n<\/tr>\n<tr>\n<td style=\"width: 50%; text-align: center;\"><b>Kultur<\/b><\/td>\n<td style=\"width: 50%; text-align: center;\"><strong>Greenhouse<\/strong><\/td>\n<\/tr>\n<\/tbody>\n<\/table>","protected":false},"featured_media":10040,"comment_status":"open","ping_status":"closed","template":"","meta":{"inline_featured_image":false},"product_brand":[75],"product_cat":[189],"product_tag":[228],"class_list":{"0":"post-10037","1":"product","2":"type-product","3":"status-publish","4":"has-post-thumbnail","6":"product_brand-la-verte","7":"product_cat-rock","8":"product_tag-rocks","10":"first","11":"instock","12":"taxable","13":"shipping-taxable","14":"purchasable","15":"product-type-variable"},"jetpack_sharing_enabled":true,"_links":{"self":[{"href":"https:\/\/laverteshop.fr\/de\/wp-json\/wp\/v2\/product\/10037","targetHints":{"allow":["GET"]}}],"collection":[{"href":"https:\/\/laverteshop.fr\/de\/wp-json\/wp\/v2\/product"}],"about":[{"href":"https:\/\/laverteshop.fr\/de\/wp-json\/wp\/v2\/types\/product"}],"replies":[{"embeddable":true,"href":"https:\/\/laverteshop.fr\/de\/wp-json\/wp\/v2\/comments?post=10037"}],"wp:featuredmedia":[{"embeddable":true,"href":"https:\/\/laverteshop.fr\/de\/wp-json\/wp\/v2\/media\/10040"}],"wp:attachment":[{"href":"https:\/\/laverteshop.fr\/de\/wp-json\/wp\/v2\/media?parent=10037"}],"wp:term":[{"taxonomy":"product_brand","embeddable":true,"href":"https:\/\/laverteshop.fr\/de\/wp-json\/wp\/v2\/product_brand?post=10037"},{"taxonomy":"product_cat","embeddable":true,"href":"https:\/\/laverteshop.fr\/de\/wp-json\/wp\/v2\/product_cat?post=10037"},{"taxonomy":"product_tag","embeddable":true,"href":"https:\/\/laverteshop.fr\/de\/wp-json\/wp\/v2\/product_tag?post=10037"}],"curies":[{"name":"wp","href":"https:\/\/api.w.org\/{rel}","templated":true}]}}